{"id":87,"date":"2016-09-14T14:31:38","date_gmt":"2016-09-14T13:31:38","guid":{"rendered":"https:\/\/leia.wordpress-prod-01.cms.itslfr-aws.com\/?page_id=87"},"modified":"2020-08-26T10:17:48","modified_gmt":"2020-08-26T09:17:48","slug":"plan-numerique","status":"publish","type":"page","link":"https:\/\/www.leia.corsica\/wp\/plan-numerique\/","title":{"rendered":"Ressources Num\u00e9riques"},"content":{"rendered":"<p>Pour les parents:<br \/>\n<b>&gt;&gt; <\/b>Une <a class=\"yahoorte_class\" title=\"https:\/\/www.ac-corse.fr\/tice\/file\/4540\/\" href=\"https:\/\/www.ac-corse.fr\/tice\/file\/4540\/\">Fiche Parent<\/a> pour le 1er degr\u00e9 avec <span style=\"text-decoration: underline\">les liens principaux<\/span><br \/>\n<b>&gt;&gt; <\/b>Une <a class=\"yahoorte_class\" title=\"https:\/\/www.ac-corse.fr\/tice\/file\/4535\/\" href=\"https:\/\/www.ac-corse.fr\/tice\/file\/4535\/\">Fiche Parent<\/a> pour le second degr\u00e9 avec <span style=\"text-decoration: underline\">les liens principaux<\/span><\/p>\n<p><b>&gt;&gt; <\/b>Des ressources pour apprendre:<br \/>\nAcc\u00e9der aux ressources <a class=\"yahoorte_class\" title=\"https:\/\/www.education.gouv.fr\/operation-nation-apprenante-303174\" href=\"https:\/\/www.education.gouv.fr\/operation-nation-apprenante-303174\">nation apprenante<\/a> :<br \/>\n&#8211; Une offre qui permet un acc\u00e8s \u00e0 la culture, au savoir et \u00e0 la connaissance: <a class=\"yahoorte_class\" title=\"https:\/\/www.lumni.fr\/\" href=\"https:\/\/www.lumni.fr\/\">Lumni<\/a><br \/>\n&#8211; Les vid\u00e9o d&rsquo;ARTE, dans toutes les disciplines: <a class=\"yahoorte_class\" title=\"https:\/\/educ.arte.tv\/\" href=\"https:\/\/educ.arte.tv\/\">Educ&rsquo;Arte<\/a><br \/>\n&#8211; Continuez \u00e0 apprendre avec <a class=\"yahoorte_class\" title=\"https:\/\/www.radiofrance.fr\/actualite\/revisez-avec-les-radios-de-radio-france\" href=\"https:\/\/www.radiofrance.fr\/actualite\/revisez-avec-les-radios-de-radio-france\">Radio-France<\/a><br \/>\nLes institutionnelles:<br \/>\n&#8211; Les <a class=\"yahoorte_class\" title=\"https:\/\/lesfondamentaux.reseau-canope.fr\/accueil.html\" href=\"https:\/\/lesfondamentaux.reseau-canope.fr\/accueil.html\">fondamentaux<\/a> du r\u00e9seau CANOPE<br \/>\n&#8211; Les bons usages du num\u00e9rique avec <a class=\"yahoorte_class\" title=\"https:\/\/www.internetsanscrainte.fr\/\" href=\"https:\/\/www.internetsanscrainte.fr\/\">InternetSansCrainte<\/a><\/p>\n","protected":false},"excerpt":{"rendered":"<p>Pour les parents: &gt;&gt; Une Fiche Parent pour le 1er degr\u00e9 avec les liens principaux &gt;&gt; Une Fiche Parent pour &hellip; <\/p>\n","protected":false},"author":132,"featured_media":0,"parent":0,"menu_order":0,"comment_status":"closed","ping_status":"closed","template":"","meta":{"_acf_changed":false,"footnotes":""},"class_list":["post-87","page","type-page","status-publish","hentry"],"acf":[],"_links":{"self":[{"href":"https:\/\/www.leia.corsica\/wp\/wp-json\/wp\/v2\/pages\/87","targetHints":{"allow":["GET"]}}],"collection":[{"href":"https:\/\/www.leia.corsica\/wp\/wp-json\/wp\/v2\/pages"}],"about":[{"href":"https:\/\/www.leia.corsica\/wp\/wp-json\/wp\/v2\/types\/page"}],"author":[{"embeddable":true,"href":"https:\/\/www.leia.corsica\/wp\/wp-json\/wp\/v2\/users\/132"}],"replies":[{"embeddable":true,"href":"https:\/\/www.leia.corsica\/wp\/wp-json\/wp\/v2\/comments?post=87"}],"version-history":[{"count":10,"href":"https:\/\/www.leia.corsica\/wp\/wp-json\/wp\/v2\/pages\/87\/revisions"}],"predecessor-version":[{"id":392,"href":"https:\/\/www.leia.corsica\/wp\/wp-json\/wp\/v2\/pages\/87\/revisions\/392"}],"wp:attachment":[{"href":"https:\/\/www.leia.corsica\/wp\/wp-json\/wp\/v2\/media?parent=87"}],"curies":[{"name":"wp","href":"https:\/\/api.w.org\/{rel}","templated":true}]}}